{"id":32,"date":"2024-08-25T19:52:17","date_gmt":"2024-08-25T19:52:17","guid":{"rendered":"https:\/\/viajaengrande.com\/website\/portfolio\/"},"modified":"2024-08-25T19:52:25","modified_gmt":"2024-08-25T19:52:25","slug":"portfolio","status":"publish","type":"page","link":"https:\/\/viajaengrande.com\/website\/portfolio\/","title":{"rendered":"Portfolio"},"content":{"rendered":"\n<div class=\"wp-block-uagb-container uagb-block-4f2a4d1b alignfull uagb-is-root-container\"><div class=\"uagb-container-inner-blocks-wrap\">\n<div class=\"wp-block-uagb-advanced-heading uagb-block-19470afb\"><h1 class=\"uagb-heading-text\">Nuestro Portafolio<\/h1><\/div>\n\n\n\n<div class=\"wp-block-uagb-advanced-heading uagb-block-7a634cf8\"><p class=\"uagb-heading-text\">Descubre nuestras experiencias \u00fanicas y especializadas en turismo deportivo, espiritual, gastron\u00f3mico y conciertos.<\/p><\/div>\n<\/div><\/div>\n\n\n\n<div class=\"wp-block-uagb-container uagb-block-36765bb7 alignfull uagb-is-root-container\"><div class=\"uagb-container-inner-blocks-wrap\">\n<div class=\"wp-block-uagb-container uagb-block-3de92929\">\n<div class=\"wp-block-uagb-container uagb-block-56086ec7\">\n<div class=\"wp-block-uagb-image alignleft uagb-block-ccd53c61 wp-block-uagb-image--layout-default wp-block-uagb-image--effect-static wp-block-uagb-image--align-left\"><figure class=\"wp-block-uagb-image__figure\"><img loading=\"lazy\" decoding=\"async\" srcset=\"https:\/\/viajaengrande.com\/website\/wp-content\/uploads\/2024\/08\/camino-de-santiago-compostela-viajes-organizadosa-pie-caballo-donde-viajar-viajanegrande-experiencias-foto4.jpeg ,https:\/\/viajaengrande.com\/website\/wp-content\/uploads\/2024\/08\/camino-de-santiago-compostela-viajes-organizadosa-pie-caballo-donde-viajar-viajanegrande-experiencias-foto4.jpeg 780w, https:\/\/viajaengrande.com\/website\/wp-content\/uploads\/2024\/08\/camino-de-santiago-compostela-viajes-organizadosa-pie-caballo-donde-viajar-viajanegrande-experiencias-foto4.jpeg 360w\" sizes=\"auto, (max-width: 480px) 150px\" src=\"https:\/\/viajaengrande.com\/website\/wp-content\/uploads\/2024\/08\/camino-de-santiago-compostela-viajes-organizadosa-pie-caballo-donde-viajar-viajanegrande-experiencias-foto4.jpeg\" alt=\"\" class=\"uag-image-10\" width=\"522\" height=\"350\" title=\"\" loading=\"lazy\" role=\"img\"\/><\/figure><\/div>\n<\/div>\n\n\n\n<div class=\"wp-block-uagb-container uagb-block-177f3dcc\">\n<div class=\"wp-block-uagb-info-box uagb-block-6ce363d8 uagb-infobox__content-wrap  uagb-infobox-icon-above-title uagb-infobox-image-valign-top wp-block-uagb-info-box--has-margin\"><div class=\"uagb-infobox-margin-wrapper\"><div class=\"uagb-ifb-content\"><div class=\"uagb-ifb-title-wrap\"><span class=\"uagb-ifb-title-prefix\">01.<\/span><h2 class=\"uagb-ifb-title\">Resumen de trabajo impresionante 1<\/h2><\/div><p class=\"uagb-ifb-desc\">Comparta algunos detalles aqu\u00ed. Esta es una secci\u00f3n flexible donde puede compartir lo que desee. Pueden ser detalles o informaci\u00f3n.<\/p><\/div><\/div><\/div>\n<\/div>\n<\/div>\n\n\n\n<div class=\"wp-block-uagb-container uagb-block-41519838\">\n<div class=\"wp-block-uagb-container uagb-block-d1c8be61\">\n<div class=\"wp-block-uagb-image alignleft uagb-block-92cbf80d wp-block-uagb-image--layout-default wp-block-uagb-image--effect-static wp-block-uagb-image--align-left\"><figure class=\"wp-block-uagb-image__figure\"><img loading=\"lazy\" decoding=\"async\" srcset=\"https:\/\/viajaengrande.com\/website\/wp-content\/uploads\/2024\/08\/camino-de-santiago-compostela-viajes-organizadosa-pie-caballo-donde-viajar-viajanegrande-experiencias-foto5.jpeg ,https:\/\/viajaengrande.com\/website\/wp-content\/uploads\/2024\/08\/camino-de-santiago-compostela-viajes-organizadosa-pie-caballo-donde-viajar-viajanegrande-experiencias-foto5.jpeg 780w, https:\/\/viajaengrande.com\/website\/wp-content\/uploads\/2024\/08\/camino-de-santiago-compostela-viajes-organizadosa-pie-caballo-donde-viajar-viajanegrande-experiencias-foto5.jpeg 360w\" sizes=\"auto, (max-width: 480px) 150px\" src=\"https:\/\/viajaengrande.com\/website\/wp-content\/uploads\/2024\/08\/camino-de-santiago-compostela-viajes-organizadosa-pie-caballo-donde-viajar-viajanegrande-experiencias-foto5.jpeg\" alt=\"\" class=\"uag-image-11\" width=\"522\" height=\"350\" title=\"\" loading=\"lazy\" role=\"img\"\/><\/figure><\/div>\n<\/div>\n\n\n\n<div class=\"wp-block-uagb-container uagb-block-753f7f04\">\n<div class=\"wp-block-uagb-info-box uagb-block-d27021ec uagb-infobox__content-wrap  uagb-infobox-icon-above-title uagb-infobox-image-valign-top wp-block-uagb-info-box--has-margin\"><div class=\"uagb-infobox-margin-wrapper\"><div class=\"uagb-ifb-content\"><div class=\"uagb-ifb-title-wrap\"><span class=\"uagb-ifb-title-prefix\">02.<\/span><h2 class=\"uagb-ifb-title\">Resumen de trabajo impresionante 2<\/h2><\/div><p class=\"uagb-ifb-desc\">Comparta algunos detalles aqu\u00ed. Esta es una secci\u00f3n flexible donde puede compartir lo que desee. Pueden ser detalles o informaci\u00f3n.<\/p><\/div><\/div><\/div>\n<\/div>\n<\/div>\n\n\n\n<div class=\"wp-block-uagb-container uagb-block-9e85eb99\">\n<div class=\"wp-block-uagb-container uagb-block-9f1d491d\">\n<div class=\"wp-block-uagb-image alignleft uagb-block-20bd491a wp-block-uagb-image--layout-default wp-block-uagb-image--effect-static wp-block-uagb-image--align-left\"><figure class=\"wp-block-uagb-image__figure\"><img loading=\"lazy\" decoding=\"async\" srcset=\"https:\/\/viajaengrande.com\/website\/wp-content\/uploads\/2024\/08\/camino-de-santiago-viajes-organizados-espana-caminatas-viajaengrande-a-pie-en-caballo-en-bicicleta-donde-ir.png ,https:\/\/viajaengrande.com\/website\/wp-content\/uploads\/2024\/08\/camino-de-santiago-viajes-organizados-espana-caminatas-viajaengrande-a-pie-en-caballo-en-bicicleta-donde-ir.png 780w, https:\/\/viajaengrande.com\/website\/wp-content\/uploads\/2024\/08\/camino-de-santiago-viajes-organizados-espana-caminatas-viajaengrande-a-pie-en-caballo-en-bicicleta-donde-ir.png 360w\" sizes=\"auto, (max-width: 480px) 150px\" src=\"https:\/\/viajaengrande.com\/website\/wp-content\/uploads\/2024\/08\/camino-de-santiago-viajes-organizados-espana-caminatas-viajaengrande-a-pie-en-caballo-en-bicicleta-donde-ir.png\" alt=\"\" class=\"uag-image-12\" width=\"522\" height=\"350\" title=\"\" loading=\"lazy\" role=\"img\"\/><\/figure><\/div>\n<\/div>\n\n\n\n<div class=\"wp-block-uagb-container uagb-block-c8df79b5\">\n<div class=\"wp-block-uagb-info-box uagb-block-1b3d17eb uagb-infobox__content-wrap  uagb-infobox-icon-above-title uagb-infobox-image-valign-top wp-block-uagb-info-box--has-margin\"><div class=\"uagb-infobox-margin-wrapper\"><div class=\"uagb-ifb-content\"><div class=\"uagb-ifb-title-wrap\"><span class=\"uagb-ifb-title-prefix\">03.<\/span><h2 class=\"uagb-ifb-title\">Resumen de trabajo impresionante 3<\/h2><\/div><p class=\"uagb-ifb-desc\">Comparta algunos detalles aqu\u00ed. Esta es una secci\u00f3n flexible donde puede compartir lo que desee. Pueden ser detalles o informaci\u00f3n.<\/p><\/div><\/div><\/div>\n<\/div>\n<\/div>\n\n\n\n<div class=\"wp-block-uagb-container uagb-block-18d6cb9d\">\n<div class=\"wp-block-uagb-container uagb-block-bfd55f0f\">\n<div class=\"wp-block-uagb-image alignleft uagb-block-321287f2 wp-block-uagb-image--layout-default wp-block-uagb-image--effect-static wp-block-uagb-image--align-left\"><figure class=\"wp-block-uagb-image__figure\"><img loading=\"lazy\" decoding=\"async\" srcset=\"https:\/\/viajaengrande.com\/website\/wp-content\/uploads\/2024\/08\/camino-de-santiago-compostela-viajes-organizadosa-pie-caballo-donde.viajar.jpeg ,https:\/\/viajaengrande.com\/website\/wp-content\/uploads\/2024\/08\/camino-de-santiago-compostela-viajes-organizadosa-pie-caballo-donde.viajar.jpeg 780w, https:\/\/viajaengrande.com\/website\/wp-content\/uploads\/2024\/08\/camino-de-santiago-compostela-viajes-organizadosa-pie-caballo-donde.viajar.jpeg 360w\" sizes=\"auto, (max-width: 480px) 150px\" src=\"https:\/\/viajaengrande.com\/website\/wp-content\/uploads\/2024\/08\/camino-de-santiago-compostela-viajes-organizadosa-pie-caballo-donde.viajar.jpeg\" alt=\"\" class=\"uag-image-6\" width=\"522\" height=\"350\" title=\"\" loading=\"lazy\" role=\"img\"\/><\/figure><\/div>\n<\/div>\n\n\n\n<div class=\"wp-block-uagb-container uagb-block-b012fae7\">\n<div class=\"wp-block-uagb-info-box uagb-block-2390eb38 uagb-infobox__content-wrap  uagb-infobox-icon-above-title uagb-infobox-image-valign-top wp-block-uagb-info-box--has-margin\"><div class=\"uagb-infobox-margin-wrapper\"><div class=\"uagb-ifb-content\"><div class=\"uagb-ifb-title-wrap\"><span class=\"uagb-ifb-title-prefix\">04.<\/span><h2 class=\"uagb-ifb-title\">Resumen de trabajo impresionante 4<\/h2><\/div><p class=\"uagb-ifb-desc\">Comparta algunos detalles aqu\u00ed. Esta es una secci\u00f3n flexible donde puede compartir lo que desee. Pueden ser detalles o informaci\u00f3n.<\/p><\/div><\/div><\/div>\n<\/div>\n<\/div>\n<\/div><\/div>\n\n\n\n<div class=\"wp-block-uagb-container uagb-block-12fa4e5b alignfull uagb-is-root-container\"><div class=\"uagb-container-inner-blocks-wrap\">\n<div class=\"wp-block-uagb-info-box uagb-block-7008500d uagb-infobox__content-wrap  uagb-infobox-icon-above-title uagb-infobox-image-valign-top\"><div class=\"uagb-ifb-content\"><div class=\"uagb-ifb-title-wrap\"><h2 class=\"uagb-ifb-title\">Conoce m\u00e1s sobre Viajaengrande<\/h2><\/div><p class=\"uagb-ifb-desc\">Empieza tu pr\u00f3xima aventura con nosotros y descubre un mundo de experiencias \u00fanicas. Cont\u00e1ctanos ahora.<\/p><div class=\"uagb-ifb-button-wrapper wp-block-button\"><a href=\"\/contact\/\" class=\"uagb-infobox-cta-link wp-block-button__link\" target=\"_self\" rel=\"noopener noreferrer\" onclick=\"return true;\" alt=\"\"><span class=\"uagb-inline-editing\">\u00a1Descubre ahora!<\/span><\/a><\/div><\/div><\/div>\n<\/div><\/div>\n","protected":false},"excerpt":{"rendered":"<p>Nuestro Portafolio Descubre nuestras experiencias \u00fanicas y especializadas en turismo deportivo, espiritual, gastron\u00f3mico y conciertos.<\/p>\n","protected":false},"author":1,"featured_media":0,"parent":0,"menu_order":0,"comment_status":"closed","ping_status":"closed","template":"","meta":{"_uag_custom_page_level_css":"","site-sidebar-layout":"default","site-content-layout":"","ast-site-content-layout":"default","site-content-style":"default","site-sidebar-style":"default","ast-global-header-display":"","ast-banner-title-visibility":"","ast-main-header-display":"","ast-hfb-above-header-display":"","ast-hfb-below-header-display":"","ast-hfb-mobile-header-display":"","site-post-title":"disabled","ast-breadcrumbs-content":"","ast-featured-img":"","footer-sml-layout":"","theme-transparent-header-meta":"","adv-header-id-meta":"","stick-header-meta":"","header-above-stick-meta":"","header-main-stick-meta":"","header-below-stick-meta":"","astra-migrate-meta-layouts":"set","ast-page-background-enabled":"default","ast-page-background-meta":{"desktop":{"background-color":"var(--ast-global-color-4)","background-image":"","background-repeat":"repeat","background-position":"center center","background-size":"auto","background-attachment":"scroll","background-type":"","background-media":"","overlay-type":"","overlay-color":"","overlay-opacity":"","overlay-gradient":""},"tablet":{"background-color":"","background-image":"","background-repeat":"repeat","background-position":"center center","background-size":"auto","background-attachment":"scroll","background-type":"","background-media":"","overlay-type":"","overlay-color":"","overlay-opacity":"","overlay-gradient":""},"mobile":{"background-color":"","background-image":"","background-repeat":"repeat","background-position":"center center","background-size":"auto","background-attachment":"scroll","background-type":"","background-media":"","overlay-type":"","overlay-color":"","overlay-opacity":"","overlay-gradient":""}},"ast-content-background-meta":{"desktop":{"background-color":"var(--ast-global-color-5)","background-image":"","background-repeat":"repeat","background-position":"center center","background-size":"auto","background-attachment":"scroll","background-type":"","background-media":"","overlay-type":"","overlay-color":"","overlay-opacity":"","overlay-gradient":""},"tablet":{"background-color":"var(--ast-global-color-5)","background-image":"","background-repeat":"repeat","background-position":"center center","background-size":"auto","background-attachment":"scroll","background-type":"","background-media":"","overlay-type":"","overlay-color":"","overlay-opacity":"","overlay-gradient":""},"mobile":{"background-color":"var(--ast-global-color-5)","background-image":"","background-repeat":"repeat","background-position":"center center","background-size":"auto","background-attachment":"scroll","background-type":"","background-media":"","overlay-type":"","overlay-color":"","overlay-opacity":"","overlay-gradient":""}},"footnotes":""},"class_list":["post-32","page","type-page","status-publish","hentry"],"uagb_featured_image_src":{"full":false,"thumbnail":false,"medium":false,"medium_large":false,"large":false,"1536x1536":false,"2048x2048":false},"uagb_author_info":{"display_name":"adminsite","author_link":"https:\/\/viajaengrande.com\/website\/author\/adminsite\/"},"uagb_comment_info":0,"uagb_excerpt":"Nuestro Portafolio Descubre nuestras experiencias \u00fanicas y especializadas en turismo deportivo, espiritual, gastron\u00f3mico y conciertos.","_links":{"self":[{"href":"https:\/\/viajaengrande.com\/website\/wp-json\/wp\/v2\/pages\/32","targetHints":{"allow":["GET"]}}],"collection":[{"href":"https:\/\/viajaengrande.com\/website\/wp-json\/wp\/v2\/pages"}],"about":[{"href":"https:\/\/viajaengrande.com\/website\/wp-json\/wp\/v2\/types\/page"}],"author":[{"embeddable":true,"href":"https:\/\/viajaengrande.com\/website\/wp-json\/wp\/v2\/users\/1"}],"replies":[{"embeddable":true,"href":"https:\/\/viajaengrande.com\/website\/wp-json\/wp\/v2\/comments?post=32"}],"version-history":[{"count":2,"href":"https:\/\/viajaengrande.com\/website\/wp-json\/wp\/v2\/pages\/32\/revisions"}],"predecessor-version":[{"id":1187,"href":"https:\/\/viajaengrande.com\/website\/wp-json\/wp\/v2\/pages\/32\/revisions\/1187"}],"wp:attachment":[{"href":"https:\/\/viajaengrande.com\/website\/wp-json\/wp\/v2\/media?parent=32"}],"curies":[{"name":"wp","href":"https:\/\/api.w.org\/{rel}","templated":true}]}}