{"id":31,"date":"2024-08-25T19:52:17","date_gmt":"2024-08-25T19:52:17","guid":{"rendered":"https:\/\/viajaengrande.com\/website\/offerings\/"},"modified":"2024-08-25T19:52:25","modified_gmt":"2024-08-25T19:52:25","slug":"offerings","status":"publish","type":"page","link":"https:\/\/viajaengrande.com\/website\/offerings\/","title":{"rendered":"Offerings"},"content":{"rendered":"\n<div class=\"wp-block-uagb-container uagb-block-568a6a6f alignfull uagb-is-root-container\"><div class=\"uagb-container-inner-blocks-wrap\">\n<div class=\"wp-block-uagb-advanced-heading uagb-block-4fcaa4d9\"><h1 class=\"uagb-heading-text\">Explora Experiencias<\/h1><\/div>\n\n\n\n<div class=\"wp-block-uagb-advanced-heading uagb-block-e90f26ce\"><p class=\"uagb-desc-text\">Descubre un mundo de oportunidades para vivir momentos \u00fanicos y memorables con Viaja en Grande.<\/p><\/div>\n<\/div><\/div>\n\n\n\n<div class=\"wp-block-uagb-container uagb-block-3e07fe11 alignfull uagb-is-root-container\"><div class=\"uagb-container-inner-blocks-wrap\">\n<div class=\"wp-block-uagb-container uagb-block-d4d500a0\">\n<div class=\"wp-block-uagb-container uagb-block-7f1a7e89\">\n<div class=\"wp-block-uagb-image alignleft uagb-block-1ca788f4 wp-block-uagb-image--layout-default wp-block-uagb-image--effect-static wp-block-uagb-image--align-left\"><figure class=\"wp-block-uagb-image__figure\"><img loading=\"lazy\" decoding=\"async\" srcset=\"https:\/\/viajaengrande.com\/website\/wp-content\/uploads\/2024\/08\/camino-de-santiago-compostela-viajes-organizadosa-pie-caballo-donde-viajar-viajanegrande-experiencias.jpeg ,https:\/\/viajaengrande.com\/website\/wp-content\/uploads\/2024\/08\/camino-de-santiago-compostela-viajes-organizadosa-pie-caballo-donde-viajar-viajanegrande-experiencias.jpeg 780w, https:\/\/viajaengrande.com\/website\/wp-content\/uploads\/2024\/08\/camino-de-santiago-compostela-viajes-organizadosa-pie-caballo-donde-viajar-viajanegrande-experiencias.jpeg 360w\" sizes=\"auto, (max-width: 480px) 150px\" src=\"https:\/\/viajaengrande.com\/website\/wp-content\/uploads\/2024\/08\/camino-de-santiago-compostela-viajes-organizadosa-pie-caballo-donde-viajar-viajanegrande-experiencias.jpeg\" alt=\"\" class=\"uag-image-7\" width=\"543\" height=\"400\" title=\"\" loading=\"lazy\" role=\"img\"\/><\/figure><\/div>\n\n\n\n<div class=\"wp-block-uagb-advanced-heading uagb-block-fcbf0b16\"><h2 class=\"uagb-heading-text\">Aventura Radical<\/h2><p class=\"uagb-desc-text\">Emb\u00e1rcate en aventuras llenas de adrenalina como paracaidismo, rafting y escalada en roca. Vive experiencias que desafiar\u00e1n tus l\u00edmites y llenar\u00e1n tu vida de emoci\u00f3n.<\/p><\/div>\n<\/div>\n\n\n\n<div class=\"wp-block-uagb-container uagb-block-f9421b51\">\n<div class=\"wp-block-uagb-image alignleft uagb-block-cd2e59d9 wp-block-uagb-image--layout-default wp-block-uagb-image--effect-static wp-block-uagb-image--align-left\"><figure class=\"wp-block-uagb-image__figure\"><img loading=\"lazy\" decoding=\"async\" srcset=\"https:\/\/viajaengrande.com\/website\/wp-content\/uploads\/2024\/08\/camino-de-santiago-compostela-viajes-organizadosa-pie-caballo-donde-viajar-viajanegrande-experiencias-foto2.jpeg ,https:\/\/viajaengrande.com\/website\/wp-content\/uploads\/2024\/08\/camino-de-santiago-compostela-viajes-organizadosa-pie-caballo-donde-viajar-viajanegrande-experiencias-foto2.jpeg 780w, https:\/\/viajaengrande.com\/website\/wp-content\/uploads\/2024\/08\/camino-de-santiago-compostela-viajes-organizadosa-pie-caballo-donde-viajar-viajanegrande-experiencias-foto2.jpeg 360w\" sizes=\"auto, (max-width: 480px) 150px\" src=\"https:\/\/viajaengrande.com\/website\/wp-content\/uploads\/2024\/08\/camino-de-santiago-compostela-viajes-organizadosa-pie-caballo-donde-viajar-viajanegrande-experiencias-foto2.jpeg\" alt=\"\" class=\"uag-image-8\" width=\"543\" height=\"400\" title=\"\" loading=\"lazy\" role=\"img\"\/><\/figure><\/div>\n\n\n\n<div class=\"wp-block-uagb-advanced-heading uagb-block-34a269b3\"><h2 class=\"uagb-heading-text\">Serenidad Interior<\/h2><p class=\"uagb-desc-text\">Sum\u00e9rgete en retiros de meditaci\u00f3n, yoga y sanaci\u00f3n espiritual en entornos naturales que te permitir\u00e1n reconectar contigo mismo y con el universo.<\/p><\/div>\n<\/div>\n<\/div>\n\n\n\n<div class=\"wp-block-uagb-container uagb-block-08385aa7\">\n<div class=\"wp-block-uagb-container uagb-block-903c29ae\">\n<div class=\"wp-block-uagb-image alignleft uagb-block-f2e3a38c wp-block-uagb-image--layout-default wp-block-uagb-image--effect-static wp-block-uagb-image--align-left\"><figure class=\"wp-block-uagb-image__figure\"><img loading=\"lazy\" decoding=\"async\" srcset=\"https:\/\/viajaengrande.com\/website\/wp-content\/uploads\/2024\/08\/camino-de-santiago-compostela-viajes-organizadosa-pie-caballo-donde-viajar-viajanegrande-experiencias-foto3.jpeg ,https:\/\/viajaengrande.com\/website\/wp-content\/uploads\/2024\/08\/camino-de-santiago-compostela-viajes-organizadosa-pie-caballo-donde-viajar-viajanegrande-experiencias-foto3.jpeg 780w, https:\/\/viajaengrande.com\/website\/wp-content\/uploads\/2024\/08\/camino-de-santiago-compostela-viajes-organizadosa-pie-caballo-donde-viajar-viajanegrande-experiencias-foto3.jpeg 360w\" sizes=\"auto, (max-width: 480px) 150px\" src=\"https:\/\/viajaengrande.com\/website\/wp-content\/uploads\/2024\/08\/camino-de-santiago-compostela-viajes-organizadosa-pie-caballo-donde-viajar-viajanegrande-experiencias-foto3.jpeg\" alt=\"\" class=\"uag-image-9\" width=\"543\" height=\"400\" title=\"\" loading=\"lazy\" role=\"img\"\/><\/figure><\/div>\n\n\n\n<div class=\"wp-block-uagb-advanced-heading uagb-block-b2355bf0\"><h2 class=\"uagb-heading-text\">Sabores del Mundo<\/h2><p class=\"uagb-desc-text\">Explora los sabores \u00fanicos de cada regi\u00f3n a trav\u00e9s de tours gastron\u00f3micos, clases de cocina y degustaciones que deleitar\u00e1n tu paladar y enriquecer\u00e1n tu cultura culinaria.<\/p><\/div>\n<\/div>\n\n\n\n<div class=\"wp-block-uagb-container uagb-block-20c11b49\">\n<div class=\"wp-block-uagb-image alignleft uagb-block-6e6bf1ea wp-block-uagb-image--layout-default wp-block-uagb-image--effect-static wp-block-uagb-image--align-left\"><figure class=\"wp-block-uagb-image__figure\"><img loading=\"lazy\" decoding=\"async\" srcset=\"https:\/\/viajaengrande.com\/website\/wp-content\/uploads\/2024\/08\/camino-de-santiago-compostela-viajes-organizadosa-pie-caballo-donde-viajar-viajanegrande-experiencias-foto4.jpeg ,https:\/\/viajaengrande.com\/website\/wp-content\/uploads\/2024\/08\/camino-de-santiago-compostela-viajes-organizadosa-pie-caballo-donde-viajar-viajanegrande-experiencias-foto4.jpeg 780w, https:\/\/viajaengrande.com\/website\/wp-content\/uploads\/2024\/08\/camino-de-santiago-compostela-viajes-organizadosa-pie-caballo-donde-viajar-viajanegrande-experiencias-foto4.jpeg 360w\" sizes=\"auto, (max-width: 480px) 150px\" src=\"https:\/\/viajaengrande.com\/website\/wp-content\/uploads\/2024\/08\/camino-de-santiago-compostela-viajes-organizadosa-pie-caballo-donde-viajar-viajanegrande-experiencias-foto4.jpeg\" alt=\"\" class=\"uag-image-10\" width=\"543\" height=\"400\" title=\"\" loading=\"lazy\" role=\"img\"\/><\/figure><\/div>\n\n\n\n<div class=\"wp-block-uagb-advanced-heading uagb-block-3a93f87b\"><h2 class=\"uagb-heading-text\">Melod\u00edas en Vivo<\/h2><p class=\"uagb-desc-text\">Asiste a espect\u00e1culos de renombrados artistas nacionales e internacionales en los escenarios m\u00e1s emblem\u00e1ticos. Disfruta de la magia de la m\u00fasica en directo rodeado de buena compa\u00f1\u00eda.<\/p><\/div>\n<\/div>\n<\/div>\n\n\n\n<div class=\"wp-block-uagb-container uagb-block-9e38d4b1\">\n<div class=\"wp-block-uagb-container uagb-block-d7887d2a\">\n<div class=\"wp-block-uagb-image alignleft uagb-block-e914123c wp-block-uagb-image--layout-default wp-block-uagb-image--effect-static wp-block-uagb-image--align-left\"><figure class=\"wp-block-uagb-image__figure\"><img loading=\"lazy\" decoding=\"async\" srcset=\"https:\/\/viajaengrande.com\/website\/wp-content\/uploads\/2024\/08\/camino-de-santiago-compostela-viajes-organizadosa-pie-caballo-donde-viajar-viajanegrande-experiencias-foto5.jpeg ,https:\/\/viajaengrande.com\/website\/wp-content\/uploads\/2024\/08\/camino-de-santiago-compostela-viajes-organizadosa-pie-caballo-donde-viajar-viajanegrande-experiencias-foto5.jpeg 780w, https:\/\/viajaengrande.com\/website\/wp-content\/uploads\/2024\/08\/camino-de-santiago-compostela-viajes-organizadosa-pie-caballo-donde-viajar-viajanegrande-experiencias-foto5.jpeg 360w\" sizes=\"auto, (max-width: 480px) 150px\" src=\"https:\/\/viajaengrande.com\/website\/wp-content\/uploads\/2024\/08\/camino-de-santiago-compostela-viajes-organizadosa-pie-caballo-donde-viajar-viajanegrande-experiencias-foto5.jpeg\" alt=\"\" class=\"uag-image-11\" width=\"543\" height=\"400\" title=\"\" loading=\"lazy\" role=\"img\"\/><\/figure><\/div>\n\n\n\n<div class=\"wp-block-uagb-advanced-heading uagb-block-9d58c214\"><h2 class=\"uagb-heading-text\">Especialidades Locales<\/h2><p class=\"uagb-desc-text\">Sum\u00e9rgete en la cultura y las tradiciones de cada destino a trav\u00e9s de experiencias aut\u00e9nticas, visitas a mercados locales, festivales y celebraciones que te acercar\u00e1n a la idiosincrasia de cada lugar.<\/p><\/div>\n<\/div>\n\n\n\n<div class=\"wp-block-uagb-container uagb-block-49246099\">\n<div class=\"wp-block-uagb-image alignleft uagb-block-4274e905 wp-block-uagb-image--layout-default wp-block-uagb-image--effect-static wp-block-uagb-image--align-left\"><figure class=\"wp-block-uagb-image__figure\"><img loading=\"lazy\" decoding=\"async\" srcset=\"https:\/\/viajaengrande.com\/website\/wp-content\/uploads\/2024\/08\/camino-de-santiago-viajes-organizados-espana-caminatas-viajaengrande-a-pie-en-caballo-en-bicicleta-donde-ir.png ,https:\/\/viajaengrande.com\/website\/wp-content\/uploads\/2024\/08\/camino-de-santiago-viajes-organizados-espana-caminatas-viajaengrande-a-pie-en-caballo-en-bicicleta-donde-ir.png 780w, https:\/\/viajaengrande.com\/website\/wp-content\/uploads\/2024\/08\/camino-de-santiago-viajes-organizados-espana-caminatas-viajaengrande-a-pie-en-caballo-en-bicicleta-donde-ir.png 360w\" sizes=\"auto, (max-width: 480px) 150px\" src=\"https:\/\/viajaengrande.com\/website\/wp-content\/uploads\/2024\/08\/camino-de-santiago-viajes-organizados-espana-caminatas-viajaengrande-a-pie-en-caballo-en-bicicleta-donde-ir.png\" alt=\"\" class=\"uag-image-12\" width=\"543\" height=\"400\" title=\"\" loading=\"lazy\" role=\"img\"\/><\/figure><\/div>\n\n\n\n<div class=\"wp-block-uagb-advanced-heading uagb-block-17d232c4\"><h2 class=\"uagb-heading-text\">Bienestar Natural<\/h2><p class=\"uagb-desc-text\">Disfruta de spa, terapias hol\u00edsticas y actividades al aire libre que te permitir\u00e1n desconectar del d\u00eda a d\u00eda, revitalizar tu cuerpo y mente, y rejuvenecer tu esp\u00edritu.<\/p><\/div>\n<\/div>\n<\/div>\n<\/div><\/div>\n\n\n\n<div class=\"wp-block-uagb-container uagb-block-12fa4e5b alignfull uagb-is-root-container\"><div class=\"uagb-container-inner-blocks-wrap\">\n<div class=\"wp-block-uagb-info-box uagb-block-7008500d uagb-infobox__content-wrap  uagb-infobox-icon-above-title uagb-infobox-image-valign-top\"><div class=\"uagb-ifb-content\"><div class=\"uagb-ifb-title-wrap\"><h2 class=\"uagb-ifb-title\">Conoce m\u00e1s sobre Viajaengrande<\/h2><\/div><p class=\"uagb-ifb-desc\">Empieza tu pr\u00f3xima aventura con nosotros y descubre un mundo de experiencias \u00fanicas. Cont\u00e1ctanos ahora.<\/p><div class=\"uagb-ifb-button-wrapper wp-block-button\"><a href=\"\/contact\/\" class=\"uagb-infobox-cta-link wp-block-button__link\" target=\"_self\" rel=\"noopener noreferrer\" onclick=\"return true;\" alt=\"\"><span class=\"uagb-inline-editing\">\u00a1Descubre ahora!<\/span><\/a><\/div><\/div><\/div>\n<\/div><\/div>\n","protected":false},"excerpt":{"rendered":"<p>Explora Experiencias Descubre un mundo de oportunidades para vivir momentos \u00fanicos y memorables con Viaja en Grande. Aventura Radical Emb\u00e1rcate [&hellip;]<\/p>\n","protected":false},"author":1,"featured_media":0,"parent":0,"menu_order":0,"comment_status":"closed","ping_status":"closed","template":"","meta":{"_uag_custom_page_level_css":"","site-sidebar-layout":"default","site-content-layout":"","ast-site-content-layout":"default","site-content-style":"default","site-sidebar-style":"default","ast-global-header-display":"","ast-banner-title-visibility":"","ast-main-header-display":"","ast-hfb-above-header-display":"","ast-hfb-below-header-display":"","ast-hfb-mobile-header-display":"","site-post-title":"disabled","ast-breadcrumbs-content":"","ast-featured-img":"","footer-sml-layout":"","theme-transparent-header-meta":"","adv-header-id-meta":"","stick-header-meta":"","header-above-stick-meta":"","header-main-stick-meta":"","header-below-stick-meta":"","astra-migrate-meta-layouts":"set","ast-page-background-enabled":"default","ast-page-background-meta":{"desktop":{"background-color":"var(--ast-global-color-4)","background-image":"","background-repeat":"repeat","background-position":"center center","background-size":"auto","background-attachment":"scroll","background-type":"","background-media":"","overlay-type":"","overlay-color":"","overlay-opacity":"","overlay-gradient":""},"tablet":{"background-color":"","background-image":"","background-repeat":"repeat","background-position":"center center","background-size":"auto","background-attachment":"scroll","background-type":"","background-media":"","overlay-type":"","overlay-color":"","overlay-opacity":"","overlay-gradient":""},"mobile":{"background-color":"","background-image":"","background-repeat":"repeat","background-position":"center center","background-size":"auto","background-attachment":"scroll","background-type":"","background-media":"","overlay-type":"","overlay-color":"","overlay-opacity":"","overlay-gradient":""}},"ast-content-background-meta":{"desktop":{"background-color":"var(--ast-global-color-5)","background-image":"","background-repeat":"repeat","background-position":"center center","background-size":"auto","background-attachment":"scroll","background-type":"","background-media":"","overlay-type":"","overlay-color":"","overlay-opacity":"","overlay-gradient":""},"tablet":{"background-color":"var(--ast-global-color-5)","background-image":"","background-repeat":"repeat","background-position":"center center","background-size":"auto","background-attachment":"scroll","background-type":"","background-media":"","overlay-type":"","overlay-color":"","overlay-opacity":"","overlay-gradient":""},"mobile":{"background-color":"var(--ast-global-color-5)","background-image":"","background-repeat":"repeat","background-position":"center center","background-size":"auto","background-attachment":"scroll","background-type":"","background-media":"","overlay-type":"","overlay-color":"","overlay-opacity":"","overlay-gradient":""}},"footnotes":""},"class_list":["post-31","page","type-page","status-publish","hentry"],"uagb_featured_image_src":{"full":false,"thumbnail":false,"medium":false,"medium_large":false,"large":false,"1536x1536":false,"2048x2048":false},"uagb_author_info":{"display_name":"adminsite","author_link":"https:\/\/viajaengrande.com\/website\/author\/adminsite\/"},"uagb_comment_info":0,"uagb_excerpt":"Explora Experiencias Descubre un mundo de oportunidades para vivir momentos \u00fanicos y memorables con Viaja en Grande. Aventura Radical Emb\u00e1rcate [&hellip;]","_links":{"self":[{"href":"https:\/\/viajaengrande.com\/website\/wp-json\/wp\/v2\/pages\/31","targetHints":{"allow":["GET"]}}],"collection":[{"href":"https:\/\/viajaengrande.com\/website\/wp-json\/wp\/v2\/pages"}],"about":[{"href":"https:\/\/viajaengrande.com\/website\/wp-json\/wp\/v2\/types\/page"}],"author":[{"embeddable":true,"href":"https:\/\/viajaengrande.com\/website\/wp-json\/wp\/v2\/users\/1"}],"replies":[{"embeddable":true,"href":"https:\/\/viajaengrande.com\/website\/wp-json\/wp\/v2\/comments?post=31"}],"version-history":[{"count":2,"href":"https:\/\/viajaengrande.com\/website\/wp-json\/wp\/v2\/pages\/31\/revisions"}],"predecessor-version":[{"id":1188,"href":"https:\/\/viajaengrande.com\/website\/wp-json\/wp\/v2\/pages\/31\/revisions\/1188"}],"wp:attachment":[{"href":"https:\/\/viajaengrande.com\/website\/wp-json\/wp\/v2\/media?parent=31"}],"curies":[{"name":"wp","href":"https:\/\/api.w.org\/{rel}","templated":true}]}}