{"id":30,"date":"2024-08-25T19:52:17","date_gmt":"2024-08-25T19:52:17","guid":{"rendered":"https:\/\/viajaengrande.com\/website\/about\/"},"modified":"2024-08-25T19:52:25","modified_gmt":"2024-08-25T19:52:25","slug":"about","status":"publish","type":"page","link":"https:\/\/viajaengrande.com\/website\/about\/","title":{"rendered":"About"},"content":{"rendered":"\n<div class=\"wp-block-uagb-container uagb-block-7b3cf0a9 alignfull uagb-is-root-container\"><div class=\"uagb-container-inner-blocks-wrap\">\n<div class=\"wp-block-uagb-advanced-heading uagb-block-75f37bc6\"><h1 class=\"uagb-heading-text\">Descubre nuevas experiencias<\/h1><\/div>\n\n\n\n<div class=\"wp-block-uagb-advanced-heading uagb-block-259e6731\"><p class=\"uagb-desc-text\">Somos una agencia de turismo especializada en ofrecerte vivencias \u00fanicas y emocionantes para que tus viajes sean inolvidables.<\/p><\/div>\n<\/div><\/div>\n\n\n\n<div class=\"wp-block-uagb-container uagb-block-3e8d5b05 alignfull uagb-is-root-container\"><div class=\"uagb-container-inner-blocks-wrap\">\n<div class=\"wp-block-uagb-container uagb-block-ee199b26\">\n<div class=\"wp-block-uagb-image alignleft uagb-block-3ec25827 wp-block-uagb-image--layout-default wp-block-uagb-image--effect-static wp-block-uagb-image--align-left\"><figure class=\"wp-block-uagb-image__figure\"><img loading=\"lazy\" decoding=\"async\" srcset=\"https:\/\/viajaengrande.com\/website\/wp-content\/uploads\/2024\/08\/camino-de-santiago-compostela-viajes-organizadosa-pie-caballo-donde.viajar.jpeg ,https:\/\/viajaengrande.com\/website\/wp-content\/uploads\/2024\/08\/camino-de-santiago-compostela-viajes-organizadosa-pie-caballo-donde.viajar.jpeg 780w, https:\/\/viajaengrande.com\/website\/wp-content\/uploads\/2024\/08\/camino-de-santiago-compostela-viajes-organizadosa-pie-caballo-donde.viajar.jpeg 360w\" sizes=\"auto, (max-width: 480px) 150px\" src=\"https:\/\/viajaengrande.com\/website\/wp-content\/uploads\/2024\/08\/camino-de-santiago-compostela-viajes-organizadosa-pie-caballo-donde.viajar.jpeg\" alt=\"\" class=\"uag-image-6\" width=\"260\" height=\"431\" title=\"\" loading=\"lazy\" role=\"img\"\/><\/figure><\/div>\n\n\n\n<div class=\"wp-block-uagb-image alignleft uagb-block-a23b2c0d wp-block-uagb-image--layout-default wp-block-uagb-image--effect-static wp-block-uagb-image--align-left\"><figure class=\"wp-block-uagb-image__figure\"><img loading=\"lazy\" decoding=\"async\" srcset=\"https:\/\/viajaengrande.com\/website\/wp-content\/uploads\/2024\/08\/camino-de-santiago-compostela-viajes-organizadosa-pie-caballo-donde-viajar-viajanegrande-experiencias.jpeg ,https:\/\/viajaengrande.com\/website\/wp-content\/uploads\/2024\/08\/camino-de-santiago-compostela-viajes-organizadosa-pie-caballo-donde-viajar-viajanegrande-experiencias.jpeg 780w, https:\/\/viajaengrande.com\/website\/wp-content\/uploads\/2024\/08\/camino-de-santiago-compostela-viajes-organizadosa-pie-caballo-donde-viajar-viajanegrande-experiencias.jpeg 360w\" sizes=\"auto, (max-width: 480px) 150px\" src=\"https:\/\/viajaengrande.com\/website\/wp-content\/uploads\/2024\/08\/camino-de-santiago-compostela-viajes-organizadosa-pie-caballo-donde-viajar-viajanegrande-experiencias.jpeg\" alt=\"\" class=\"uag-image-7\" width=\"260\" height=\"536\" title=\"\" loading=\"lazy\" role=\"img\"\/><\/figure><\/div>\n<\/div>\n\n\n\n<div class=\"wp-block-uagb-container uagb-block-869b9db0\">\n<div class=\"wp-block-uagb-advanced-heading uagb-block-10e01655\"><h2 class=\"uagb-heading-text\">Nuestra historia de pasi\u00f3n<\/h2><p class=\"uagb-desc-text\">En Viaja en Grande hemos sido pioneros en el turismo de experiencia, deportivo, espiritual, gastron\u00f3mico y de conciertos en Colombia. Con a\u00f1os de experiencia, hemos brindado servicios personalizados a clientes que han confiado en nuestra calidad y compromiso en cada viaje.<\/p><\/div>\n\n\n\n<div class=\"wp-block-uagb-icon-list uagb-block-c5f619be\"><div class=\"uagb-icon-list__wrap\">\n<div class=\"wp-block-uagb-icon-list-child uagb-block-ee9f8547\"><span class=\"uagb-icon-list__source-wrap\"><svg xmlns=\"https:\/\/www.w3.org\/2000\/svg\" viewBox=\"0 0 512 512\"><path d=\"M0 256C0 114.6 114.6 0 256 0C397.4 0 512 114.6 512 256C512 397.4 397.4 512 256 512C114.6 512 0 397.4 0 256zM371.8 211.8C382.7 200.9 382.7 183.1 371.8 172.2C360.9 161.3 343.1 161.3 332.2 172.2L224 280.4L179.8 236.2C168.9 225.3 151.1 225.3 140.2 236.2C129.3 247.1 129.3 264.9 140.2 275.8L204.2 339.8C215.1 350.7 232.9 350.7 243.8 339.8L371.8 211.8z\"><\/path><\/svg><\/span><span class=\"uagb-icon-list__label\">Transformaci\u00f3n Personalizada<\/span><\/div>\n\n\n\n<div class=\"wp-block-uagb-icon-list-child uagb-block-d798698b\"><span class=\"uagb-icon-list__source-wrap\"><svg xmlns=\"https:\/\/www.w3.org\/2000\/svg\" viewBox=\"0 0 512 512\"><path d=\"M0 256C0 114.6 114.6 0 256 0C397.4 0 512 114.6 512 256C512 397.4 397.4 512 256 512C114.6 512 0 397.4 0 256zM371.8 211.8C382.7 200.9 382.7 183.1 371.8 172.2C360.9 161.3 343.1 161.3 332.2 172.2L224 280.4L179.8 236.2C168.9 225.3 151.1 225.3 140.2 236.2C129.3 247.1 129.3 264.9 140.2 275.8L204.2 339.8C215.1 350.7 232.9 350.7 243.8 339.8L371.8 211.8z\"><\/path><\/svg><\/span><span class=\"uagb-icon-list__label\">Conexi\u00f3n Cultural<\/span><\/div>\n\n\n\n<div class=\"wp-block-uagb-icon-list-child uagb-block-e59854a7\"><span class=\"uagb-icon-list__source-wrap\"><svg xmlns=\"https:\/\/www.w3.org\/2000\/svg\" viewBox=\"0 0 512 512\"><path d=\"M0 256C0 114.6 114.6 0 256 0C397.4 0 512 114.6 512 256C512 397.4 397.4 512 256 512C114.6 512 0 397.4 0 256zM371.8 211.8C382.7 200.9 382.7 183.1 371.8 172.2C360.9 161.3 343.1 161.3 332.2 172.2L224 280.4L179.8 236.2C168.9 225.3 151.1 225.3 140.2 236.2C129.3 247.1 129.3 264.9 140.2 275.8L204.2 339.8C215.1 350.7 232.9 350.7 243.8 339.8L371.8 211.8z\"><\/path><\/svg><\/span><span class=\"uagb-icon-list__label\">Servicio Excepcional<\/span><\/div>\n<\/div><\/div>\n<\/div>\n<\/div><\/div>\n\n\n\n<div class=\"wp-block-uagb-container uagb-block-9313817c alignfull uagb-is-root-container\"><div class=\"uagb-container-inner-blocks-wrap\">\n<div class=\"wp-block-uagb-container uagb-block-48bc6b3d\">\n<div class=\"wp-block-uagb-advanced-heading uagb-block-1a1b3057\"><h2 class=\"uagb-heading-text\">Nuestros valores fundamentales<\/h2><\/div>\n\n\n\n<div class=\"wp-block-uagb-advanced-heading uagb-block-b5011a80\"><p class=\"uagb-desc-text\">En Viaja en Grande nos regimos por valores que gu\u00edan cada experiencia que creamos.<\/p><\/div>\n<\/div>\n\n\n\n<div class=\"wp-block-uagb-container uagb-block-3c24046d\">\n<div class=\"wp-block-uagb-info-box uagb-block-17443239 uagb-infobox__content-wrap  uagb-infobox-icon-above-title uagb-infobox-image-valign-top wp-block-uagb-info-box--has-margin\"><div class=\"uagb-infobox-margin-wrapper\"><div class=\"uagb-ifb-content\"><div class=\"uagb-ifb-title-wrap\"><h3 class=\"uagb-ifb-title\">Nuestra visi\u00f3n<\/h3><\/div><p class=\"uagb-ifb-desc\">Nuestra visi\u00f3n es ser la agencia de turismo l\u00edder en brindar experiencias aut\u00e9nticas y transformadoras que conecten a las personas con el mundo.<\/p><\/div><\/div><\/div>\n\n\n\n<div class=\"wp-block-uagb-info-box uagb-block-aa36aa63 uagb-infobox__content-wrap  uagb-infobox-icon-above-title uagb-infobox-image-valign-top wp-block-uagb-info-box--has-margin\"><div class=\"uagb-infobox-margin-wrapper\"><div class=\"uagb-ifb-content\"><div class=\"uagb-ifb-title-wrap\"><h3 class=\"uagb-ifb-title\">Nuestra misi\u00f3n<\/h3><\/div><p class=\"uagb-ifb-desc\">Nuestra misi\u00f3n es inspirar a trav\u00e9s de viajes que enriquezcan el alma y fomenten un turismo responsable, sostenible y lleno de significado.<\/p><\/div><\/div><\/div>\n\n\n\n<div class=\"wp-block-uagb-info-box uagb-block-030b281c uagb-infobox__content-wrap  uagb-infobox-icon-above-title uagb-infobox-image-valign-top wp-block-uagb-info-box--has-margin\"><div class=\"uagb-infobox-margin-wrapper\"><div class=\"uagb-ifb-content\"><div class=\"uagb-ifb-title-wrap\"><h3 class=\"uagb-ifb-title\">Valores fundamentales<\/h3><\/div><p class=\"uagb-ifb-desc\">Nuestros valores fundamentales incluyen la excelencia en el servicio, la pasi\u00f3n por la innovaci\u00f3n, el respeto por la diversidad cultural y el compromiso con la sostenibilidad ambiental.<\/p><\/div><\/div><\/div>\n<\/div>\n<\/div><\/div>\n\n\n\n<div class=\"wp-block-uagb-container uagb-block-12fa4e5b alignfull uagb-is-root-container\"><div class=\"uagb-container-inner-blocks-wrap\">\n<div class=\"wp-block-uagb-info-box uagb-block-7008500d uagb-infobox__content-wrap  uagb-infobox-icon-above-title uagb-infobox-image-valign-top\"><div class=\"uagb-ifb-content\"><div class=\"uagb-ifb-title-wrap\"><h2 class=\"uagb-ifb-title\">Conoce m\u00e1s sobre Viajaengrande<\/h2><\/div><p class=\"uagb-ifb-desc\">Empieza tu pr\u00f3xima aventura con nosotros y descubre un mundo de experiencias \u00fanicas. Cont\u00e1ctanos ahora.<\/p><div class=\"uagb-ifb-button-wrapper wp-block-button\"><a href=\"\/contact\/\" class=\"uagb-infobox-cta-link wp-block-button__link\" target=\"_self\" rel=\"noopener noreferrer\" onclick=\"return true;\" alt=\"\"><span class=\"uagb-inline-editing\">\u00a1Descubre ahora!<\/span><\/a><\/div><\/div><\/div>\n<\/div><\/div>\n","protected":false},"excerpt":{"rendered":"<p>Descubre nuevas experiencias Somos una agencia de turismo especializada en ofrecerte vivencias \u00fanicas y emocionantes para que tus viajes sean [&hellip;]<\/p>\n","protected":false},"author":1,"featured_media":0,"parent":0,"menu_order":0,"comment_status":"closed","ping_status":"closed","template":"","meta":{"_uag_custom_page_level_css":"","site-sidebar-layout":"default","site-content-layout":"","ast-site-content-layout":"default","site-content-style":"default","site-sidebar-style":"default","ast-global-header-display":"","ast-banner-title-visibility":"","ast-main-header-display":"","ast-hfb-above-header-display":"","ast-hfb-below-header-display":"","ast-hfb-mobile-header-display":"","site-post-title":"disabled","ast-breadcrumbs-content":"","ast-featured-img":"","footer-sml-layout":"","theme-transparent-header-meta":"","adv-header-id-meta":"","stick-header-meta":"","header-above-stick-meta":"","header-main-stick-meta":"","header-below-stick-meta":"","astra-migrate-meta-layouts":"set","ast-page-background-enabled":"default","ast-page-background-meta":{"desktop":{"background-color":"var(--ast-global-color-4)","background-image":"","background-repeat":"repeat","background-position":"center center","background-size":"auto","background-attachment":"scroll","background-type":"","background-media":"","overlay-type":"","overlay-color":"","overlay-opacity":"","overlay-gradient":""},"tablet":{"background-color":"","background-image":"","background-repeat":"repeat","background-position":"center center","background-size":"auto","background-attachment":"scroll","background-type":"","background-media":"","overlay-type":"","overlay-color":"","overlay-opacity":"","overlay-gradient":""},"mobile":{"background-color":"","background-image":"","background-repeat":"repeat","background-position":"center center","background-size":"auto","background-attachment":"scroll","background-type":"","background-media":"","overlay-type":"","overlay-color":"","overlay-opacity":"","overlay-gradient":""}},"ast-content-background-meta":{"desktop":{"background-color":"var(--ast-global-color-5)","background-image":"","background-repeat":"repeat","background-position":"center center","background-size":"auto","background-attachment":"scroll","background-type":"","background-media":"","overlay-type":"","overlay-color":"","overlay-opacity":"","overlay-gradient":""},"tablet":{"background-color":"var(--ast-global-color-5)","background-image":"","background-repeat":"repeat","background-position":"center center","background-size":"auto","background-attachment":"scroll","background-type":"","background-media":"","overlay-type":"","overlay-color":"","overlay-opacity":"","overlay-gradient":""},"mobile":{"background-color":"var(--ast-global-color-5)","background-image":"","background-repeat":"repeat","background-position":"center center","background-size":"auto","background-attachment":"scroll","background-type":"","background-media":"","overlay-type":"","overlay-color":"","overlay-opacity":"","overlay-gradient":""}},"footnotes":""},"class_list":["post-30","page","type-page","status-publish","hentry"],"uagb_featured_image_src":{"full":false,"thumbnail":false,"medium":false,"medium_large":false,"large":false,"1536x1536":false,"2048x2048":false},"uagb_author_info":{"display_name":"adminsite","author_link":"https:\/\/viajaengrande.com\/website\/author\/adminsite\/"},"uagb_comment_info":0,"uagb_excerpt":"Descubre nuevas experiencias Somos una agencia de turismo especializada en ofrecerte vivencias \u00fanicas y emocionantes para que tus viajes sean [&hellip;]","_links":{"self":[{"href":"https:\/\/viajaengrande.com\/website\/wp-json\/wp\/v2\/pages\/30","targetHints":{"allow":["GET"]}}],"collection":[{"href":"https:\/\/viajaengrande.com\/website\/wp-json\/wp\/v2\/pages"}],"about":[{"href":"https:\/\/viajaengrande.com\/website\/wp-json\/wp\/v2\/types\/page"}],"author":[{"embeddable":true,"href":"https:\/\/viajaengrande.com\/website\/wp-json\/wp\/v2\/users\/1"}],"replies":[{"embeddable":true,"href":"https:\/\/viajaengrande.com\/website\/wp-json\/wp\/v2\/comments?post=30"}],"version-history":[{"count":2,"href":"https:\/\/viajaengrande.com\/website\/wp-json\/wp\/v2\/pages\/30\/revisions"}],"predecessor-version":[{"id":1189,"href":"https:\/\/viajaengrande.com\/website\/wp-json\/wp\/v2\/pages\/30\/revisions\/1189"}],"wp:attachment":[{"href":"https:\/\/viajaengrande.com\/website\/wp-json\/wp\/v2\/media?parent=30"}],"curies":[{"name":"wp","href":"https:\/\/api.w.org\/{rel}","templated":true}]}}